{"id":6020,"date":"2024-07-19T18:11:31","date_gmt":"2024-07-19T16:11:31","guid":{"rendered":"https:\/\/ecceamerica.eu\/regardez\/"},"modified":"2025-07-02T17:10:43","modified_gmt":"2025-07-02T15:10:43","slug":"regardez","status":"publish","type":"page","link":"https:\/\/ecceamerica.eu\/fr\/regardez\/","title":{"rendered":"Regardez"},"content":{"rendered":"<p><div class=\"fusion-fullwidth fullwidth-box fusion-builder-row-1 fusion-flex-container has-pattern-background has-mask-background nonhundred-percent-fullwidth non-hundred-percent-height-scrolling\" style=\"--awb-border-radius-top-left:0px;--awb-border-radius-top-right:0px;--awb-border-radius-bottom-right:0px;--awb-border-radius-bottom-left:0px;--awb-background-color:var(--awb-custom_color_1);--awb-flex-wrap:wrap;\" ><div class=\"fusion-builder-row fusion-row fusion-flex-align-items-flex-start fusion-flex-content-wrap\" style=\"max-width:1216.8px;margin-left: calc(-4% \/ 2 );margin-right: calc(-4% \/ 2 );\"><div class=\"fusion-layout-column fusion_builder_column fusion-builder-column-0 fusion_builder_column_1_1 1_1 fusion-flex-column\" style=\"--awb-bg-size:cover;--awb-width-large:100%;--awb-margin-top-large:0px;--awb-spacing-right-large:1.92%;--awb-margin-bottom-large:20px;--awb-spacing-left-large:1.92%;--awb-width-medium:100%;--awb-order-medium:0;--awb-spacing-right-medium:1.92%;--awb-spacing-left-medium:1.92%;--awb-width-small:100%;--awb-order-small:0;--awb-spacing-right-small:1.92%;--awb-spacing-left-small:1.92%;\"><div class=\"fusion-column-wrapper fusion-column-has-shadow fusion-flex-justify-content-flex-start fusion-content-layout-column\"><div class=\"fusion-title title fusion-title-1 fusion-title-center fusion-title-text fusion-title-size-one\" style=\"--awb-text-color:#999170;--awb-margin-top-small:0px;--awb-margin-bottom-small:20px;--awb-font-size:150px;\"><div class=\"title-sep-container title-sep-container-left\"><div class=\"title-sep sep- sep-solid\" style=\"border-color:var(--awb-color3);\"><\/div><\/div><span class=\"awb-title-spacer\"><\/span><h1 class=\"fusion-title-heading title-heading-center fusion-responsive-typography-calculated\" style=\"font-family:&quot;Lobster&quot;;font-style:normal;font-weight:400;margin:0;text-transform:capitalize;font-size:1em;--fontSize:150;line-height:var(--awb-typography1-line-height);\">Regardez<\/h1><span class=\"awb-title-spacer\"><\/span><div class=\"title-sep-container title-sep-container-right\"><div class=\"title-sep sep- sep-solid\" style=\"border-color:var(--awb-color3);\"><\/div><\/div><\/div><\/div><\/div><\/div><\/div><div class=\"fusion-fullwidth fullwidth-box fusion-builder-row-2 fusion-flex-container has-pattern-background has-mask-background nonhundred-percent-fullwidth non-hundred-percent-height-scrolling\" style=\"--awb-border-radius-top-left:0px;--awb-border-radius-top-right:0px;--awb-border-radius-bottom-right:0px;--awb-border-radius-bottom-left:0px;--awb-padding-bottom:0px;--awb-margin-bottom:31px;--awb-background-color:var(--awb-custom_color_1);--awb-flex-wrap:wrap;\" ><div class=\"fusion-builder-row fusion-row fusion-flex-align-items-flex-start fusion-flex-content-wrap\" style=\"max-width:1216.8px;margin-left: calc(-4% \/ 2 );margin-right: calc(-4% \/ 2 );\"><div class=\"fusion-layout-column fusion_builder_column fusion-builder-column-1 fusion_builder_column_3_5 3_5 fusion-flex-column\" style=\"--awb-bg-size:cover;--awb-width-large:60%;--awb-margin-top-large:0px;--awb-spacing-right-large:3.2%;--awb-margin-bottom-large:20px;--awb-spacing-left-large:3.2%;--awb-width-medium:100%;--awb-order-medium:0;--awb-spacing-right-medium:1.92%;--awb-spacing-left-medium:1.92%;--awb-width-small:100%;--awb-order-small:0;--awb-spacing-right-small:1.92%;--awb-spacing-left-small:1.92%;\"><div class=\"fusion-column-wrapper fusion-column-has-shadow fusion-flex-justify-content-flex-start fusion-content-layout-column\"><div class=\"fusion-image-element \" style=\"--awb-caption-title-font-family:var(--h2_typography-font-family);--awb-caption-title-font-weight:var(--h2_typography-font-weight);--awb-caption-title-font-style:var(--h2_typography-font-style);--awb-caption-title-size:var(--h2_typography-font-size);--awb-caption-title-transform:var(--h2_typography-text-transform);--awb-caption-title-line-height:var(--h2_typography-line-height);--awb-caption-title-letter-spacing:var(--h2_typography-letter-spacing);\"><span class=\" fusion-imageframe imageframe-none imageframe-1 hover-type-none\"><img decoding=\"async\" width=\"2560\" height=\"2510\" title=\"Modello-vista-ecceamerica-unito-SQAUARE\" src=\"https:\/\/ecceamerica.eu\/wp-content\/uploads\/2024\/07\/Modello-vista-ecceamerica-unito-SQAUARE-scaled.jpg\" data-orig-src=\"https:\/\/ecceamerica.eu\/wp-content\/uploads\/2024\/07\/Modello-vista-ecceamerica-unito-SQAUARE-scaled.jpg\" alt class=\"lazyload img-responsive wp-image-5830\" srcset=\"data:image\/svg+xml,%3Csvg%20xmlns%3D%27http%3A%2F%2Fwww.w3.org%2F2000%2Fsvg%27%20width%3D%272560%27%20height%3D%272510%27%20viewBox%3D%270%200%202560%202510%27%3E%3Crect%20width%3D%272560%27%20height%3D%272510%27%20fill-opacity%3D%220%22%2F%3E%3C%2Fsvg%3E\" data-srcset=\"https:\/\/ecceamerica.eu\/wp-content\/uploads\/2024\/07\/Modello-vista-ecceamerica-unito-SQAUARE-200x196.jpg 200w, https:\/\/ecceamerica.eu\/wp-content\/uploads\/2024\/07\/Modello-vista-ecceamerica-unito-SQAUARE-400x392.jpg 400w, https:\/\/ecceamerica.eu\/wp-content\/uploads\/2024\/07\/Modello-vista-ecceamerica-unito-SQAUARE-600x588.jpg 600w, https:\/\/ecceamerica.eu\/wp-content\/uploads\/2024\/07\/Modello-vista-ecceamerica-unito-SQAUARE-800x784.jpg 800w, https:\/\/ecceamerica.eu\/wp-content\/uploads\/2024\/07\/Modello-vista-ecceamerica-unito-SQAUARE-1200x1177.jpg 1200w, https:\/\/ecceamerica.eu\/wp-content\/uploads\/2024\/07\/Modello-vista-ecceamerica-unito-SQAUARE-scaled.jpg 2560w\" data-sizes=\"auto\" data-orig-sizes=\"(max-width: 1024px) 100vw, (max-width: 640px) 100vw, 800px\" \/><\/span><\/div><\/div><\/div><div class=\"fusion-layout-column fusion_builder_column fusion-builder-column-2 fusion_builder_column_2_5 2_5 fusion-flex-column\" style=\"--awb-bg-size:cover;--awb-width-large:40%;--awb-margin-top-large:0px;--awb-spacing-right-large:4.8%;--awb-margin-bottom-large:20px;--awb-spacing-left-large:4.8%;--awb-width-medium:100%;--awb-order-medium:0;--awb-spacing-right-medium:1.92%;--awb-spacing-left-medium:1.92%;--awb-width-small:100%;--awb-order-small:0;--awb-spacing-right-small:1.92%;--awb-spacing-left-small:1.92%;\"><div class=\"fusion-column-wrapper fusion-column-has-shadow fusion-flex-justify-content-flex-start fusion-content-layout-column\"><div class=\"fusion-title title fusion-title-2 fusion-title-text fusion-title-size-one\" style=\"--awb-text-color:var(--awb-color4);--awb-margin-top-small:0px;--awb-margin-bottom-small:20px;--awb-font-size:60px;\"><div class=\"title-sep-container title-sep-container-left fusion-no-large-visibility fusion-no-medium-visibility fusion-no-small-visibility\"><div class=\"title-sep sep- sep-solid\" style=\"border-color:var(--awb-color3);\"><\/div><\/div><span class=\"awb-title-spacer fusion-no-large-visibility fusion-no-medium-visibility fusion-no-small-visibility\"><\/span><h1 class=\"fusion-title-heading title-heading-left fusion-responsive-typography-calculated\" style=\"font-family:&quot;Playfair Display&quot;;font-style:normal;font-weight:700;margin:0;text-transform:capitalize;font-size:1em;--fontSize:60;line-height:1;\">Huile d&rsquo;olive extra vierge biologique<\/h1><span class=\"awb-title-spacer\"><\/span><div class=\"title-sep-container title-sep-container-right\"><div class=\"title-sep sep- sep-solid\" style=\"border-color:var(--awb-color3);\"><\/div><\/div><\/div><div class=\"fusion-image-element \" style=\"text-align:left;--awb-margin-bottom:10px;--awb-caption-title-font-family:var(--h2_typography-font-family);--awb-caption-title-font-weight:var(--h2_typography-font-weight);--awb-caption-title-font-style:var(--h2_typography-font-style);--awb-caption-title-size:var(--h2_typography-font-size);--awb-caption-title-transform:var(--h2_typography-text-transform);--awb-caption-title-line-height:var(--h2_typography-line-height);--awb-caption-title-letter-spacing:var(--h2_typography-letter-spacing);\"><span class=\" fusion-imageframe imageframe-none imageframe-2 hover-type-none\"><img decoding=\"async\" width=\"250\" height=\"167\" title=\"LOGO-BIO\" src=\"https:\/\/ecceamerica.eu\/wp-content\/uploads\/2024\/07\/LOGO-BIO.jpg\" data-orig-src=\"https:\/\/ecceamerica.eu\/wp-content\/uploads\/2024\/07\/LOGO-BIO.jpg\" alt class=\"lazyload img-responsive wp-image-5832\" srcset=\"data:image\/svg+xml,%3Csvg%20xmlns%3D%27http%3A%2F%2Fwww.w3.org%2F2000%2Fsvg%27%20width%3D%27250%27%20height%3D%27167%27%20viewBox%3D%270%200%20250%20167%27%3E%3Crect%20width%3D%27250%27%20height%3D%27167%27%20fill-opacity%3D%220%22%2F%3E%3C%2Fsvg%3E\" data-srcset=\"https:\/\/ecceamerica.eu\/wp-content\/uploads\/2024\/07\/LOGO-BIO-200x134.jpg 200w, https:\/\/ecceamerica.eu\/wp-content\/uploads\/2024\/07\/LOGO-BIO.jpg 250w\" data-sizes=\"auto\" data-orig-sizes=\"(max-width: 1024px) 100vw, (max-width: 640px) 100vw, 250px\" \/><\/span><\/div><div class=\"fusion-text fusion-text-1\"><p class=\"p1\">L&rsquo;origine, la production et l&rsquo;ann\u00e9e de r\u00e9colte sont \u00e9galement essentielles pour comprendre le go\u00fbt final. L&rsquo;origine des olives est toujours sp\u00e9cifi\u00e9e, une indication distinctive du terroir et des pratiques agricoles d&rsquo;une r\u00e9gion europ\u00e9enne sp\u00e9cifique. L&rsquo;Italie, par exemple, avec une pr\u00e9sence massive d&rsquo;oliveraies sur presque tout son territoire, a une tradition mill\u00e9naire li\u00e9e \u00e0 la culture des olives. Leur r\u00e9colte devient un rituel chaque automne, o\u00f9 les moulins fonctionnent d&rsquo;octobre \u00e0 d\u00e9cembre sans interruption. L&rsquo;huile d&rsquo;olive extra vierge qui est produite peut \u00eatre un assemblage ou un monocultivar. Un assemblage est une huile fabriqu\u00e9e \u00e0 partir du pressage d&rsquo;au moins deux vari\u00e9t\u00e9s d&rsquo;olives, tandis qu&rsquo;un monocultivar est une huile fabriqu\u00e9e \u00e0 partir d&rsquo;un seul type d&rsquo;olive, et est g\u00e9n\u00e9ralement consid\u00e9r\u00e9 comme le plus pr\u00e9cieux. Pour le vin, l&rsquo;origine g\u00e9ographique est cruciale pour obtenir les certifications AOP et DOCG, qui attestent de la conformit\u00e9 de la production \u00e0 des r\u00e8gles sp\u00e9cifiques qui garantissent le respect de la tradition et de la qualit\u00e9 du produit. Le label Bio confirme qu&rsquo;aucun organisme g\u00e9n\u00e9tiquement modifi\u00e9, pesticide chimique ou engrais synth\u00e9tique n&rsquo;a \u00e9t\u00e9 utilis\u00e9.<\/p>\n<\/div><\/div><\/div><div class=\"fusion-layout-column fusion_builder_column fusion-builder-column-3 fusion_builder_column_1_1 1_1 fusion-flex-column\" style=\"--awb-bg-size:cover;--awb-width-large:100%;--awb-margin-top-large:0px;--awb-spacing-right-large:1.92%;--awb-margin-bottom-large:18px;--awb-spacing-left-large:1.92%;--awb-width-medium:100%;--awb-order-medium:0;--awb-spacing-right-medium:1.92%;--awb-spacing-left-medium:1.92%;--awb-width-small:100%;--awb-order-small:0;--awb-spacing-right-small:1.92%;--awb-spacing-left-small:1.92%;\"><div class=\"fusion-column-wrapper fusion-column-has-shadow fusion-flex-justify-content-flex-start fusion-content-layout-column\"><div class=\"fusion-separator fusion-full-width-sep\" style=\"align-self: center;margin-left: auto;margin-right: auto;margin-top:20px;margin-bottom:20px;width:100%;\"><div class=\"fusion-separator-border sep-single sep-solid\" style=\"--awb-height:20px;--awb-amount:20px;--awb-sep-color:var(--awb-color5);border-color:var(--awb-color5);border-top-width:2px;\"><\/div><\/div><\/div><\/div><\/div><\/div><div class=\"fusion-fullwidth fullwidth-box fusion-builder-row-3 fusion-flex-container has-pattern-background has-mask-background nonhundred-percent-fullwidth non-hundred-percent-height-scrolling\" style=\"--awb-border-radius-top-left:0px;--awb-border-radius-top-right:0px;--awb-border-radius-bottom-right:0px;--awb-border-radius-bottom-left:0px;--awb-background-color:var(--awb-custom_color_1);--awb-flex-wrap:wrap;\" ><div class=\"fusion-builder-row fusion-row fusion-flex-align-items-flex-start fusion-flex-content-wrap\" style=\"max-width:1216.8px;margin-left: calc(-4% \/ 2 );margin-right: calc(-4% \/ 2 );\"><div class=\"fusion-layout-column fusion_builder_column fusion-builder-column-4 fusion_builder_column_2_5 2_5 fusion-flex-column\" style=\"--awb-bg-size:cover;--awb-width-large:40%;--awb-margin-top-large:0px;--awb-spacing-right-large:4.8%;--awb-margin-bottom-large:20px;--awb-spacing-left-large:4.8%;--awb-width-medium:100%;--awb-order-medium:0;--awb-spacing-right-medium:1.92%;--awb-spacing-left-medium:1.92%;--awb-width-small:100%;--awb-order-small:0;--awb-spacing-right-small:1.92%;--awb-spacing-left-small:1.92%;\"><div class=\"fusion-column-wrapper fusion-column-has-shadow fusion-flex-justify-content-flex-start fusion-content-layout-column\"><div class=\"fusion-title title fusion-title-3 fusion-title-text fusion-title-size-one\" style=\"--awb-text-color:var(--awb-custom_color_3);--awb-margin-top-small:0px;--awb-margin-bottom-small:20px;--awb-font-size:60px;\"><div class=\"title-sep-container title-sep-container-left fusion-no-large-visibility fusion-no-medium-visibility fusion-no-small-visibility\"><div class=\"title-sep sep- sep-solid\" style=\"border-color:var(--awb-color3);\"><\/div><\/div><span class=\"awb-title-spacer fusion-no-large-visibility fusion-no-medium-visibility fusion-no-small-visibility\"><\/span><h1 class=\"fusion-title-heading title-heading-left fusion-responsive-typography-calculated\" style=\"font-family:&quot;Playfair Display&quot;;font-style:normal;font-weight:700;margin:0;text-transform:capitalize;font-size:1em;--fontSize:60;line-height:1;\">Vin biologique<\/h1><span class=\"awb-title-spacer\"><\/span><div class=\"title-sep-container title-sep-container-right\"><div class=\"title-sep sep- sep-solid\" style=\"border-color:var(--awb-color3);\"><\/div><\/div><\/div><div class=\"fusion-text fusion-text-2\"><p class=\"p1\">Les techniques de production expliquent l&rsquo;exp\u00e9rience gustative. Pour l&rsquo;huile, l&rsquo;extraction \u00e0 froid est une m\u00e9thode qui pr\u00e9serve les qualit\u00e9s organoleptiques du produit, tandis que dans le cas du vin, les \u00e9tiquettes indiquent s&rsquo;il a \u00e9t\u00e9 vieilli en f\u00fbts de bois, une pratique qui peut enrichir son ar\u00f4me et sa saveur. Les accords mets recommand\u00e9s pour les vins et l&rsquo;huile d&rsquo;olive extra vierge constituent un guide pr\u00e9cieux. Vous pouvez vivre une exp\u00e9rience culinaire plus satisfaisante en choisissant le vin et l&rsquo;huile qui subliment le mieux vos plats. De plus, inclure l&rsquo;huile d&rsquo;olive extra vierge dans votre alimentation favorise le bien-\u00eatre g\u00e9n\u00e9ral de votre corps. Riche en antioxydants, vitamines E, K et graisses monoinsatur\u00e9es, elle poss\u00e8de des propri\u00e9t\u00e9s anti-inflammatoires et contribue \u00e0 la sant\u00e9 cardiovasculaire. Le voyage des terres de la communaut\u00e9 europ\u00e9enne jusqu&rsquo;\u00e0 votre table est marqu\u00e9 par de nombreuses \u00e9tapes. Les \u00e9tiquettes de l&rsquo;huile d&rsquo;olive extra vierge bio et du vin sont un outil qui vous permet de comprendre sa valeur, son origine et ses bienfaits nutritionnels. Et d&rsquo;avoir la certitude que vous achetez des produits europ\u00e9ens de haute qualit\u00e9.<\/p>\n<\/div><\/div><\/div><div class=\"fusion-layout-column fusion_builder_column fusion-builder-column-5 fusion_builder_column_3_5 3_5 fusion-flex-column\" style=\"--awb-bg-size:cover;--awb-width-large:60%;--awb-margin-top-large:0px;--awb-spacing-right-large:3.2%;--awb-margin-bottom-large:20px;--awb-spacing-left-large:3.2%;--awb-width-medium:100%;--awb-order-medium:0;--awb-spacing-right-medium:1.92%;--awb-spacing-left-medium:1.92%;--awb-width-small:100%;--awb-order-small:0;--awb-spacing-right-small:1.92%;--awb-spacing-left-small:1.92%;\"><div class=\"fusion-column-wrapper fusion-column-has-shadow fusion-flex-justify-content-flex-start fusion-content-layout-column\"><div class=\"fusion-image-element \" style=\"--awb-caption-title-font-family:var(--h2_typography-font-family);--awb-caption-title-font-weight:var(--h2_typography-font-weight);--awb-caption-title-font-style:var(--h2_typography-font-style);--awb-caption-title-size:var(--h2_typography-font-size);--awb-caption-title-transform:var(--h2_typography-text-transform);--awb-caption-title-line-height:var(--h2_typography-line-height);--awb-caption-title-letter-spacing:var(--h2_typography-letter-spacing);\"><span class=\" fusion-imageframe imageframe-none imageframe-3 hover-type-none\"><img decoding=\"async\" width=\"2560\" height=\"2510\" title=\"Modella-vista-ecceamerica-unito-SQAUARE\" src=\"https:\/\/ecceamerica.eu\/wp-content\/uploads\/2024\/07\/Modella-vista-ecceamerica-unito-SQAUARE-scaled.jpg\" data-orig-src=\"https:\/\/ecceamerica.eu\/wp-content\/uploads\/2024\/07\/Modella-vista-ecceamerica-unito-SQAUARE-scaled.jpg\" alt class=\"lazyload img-responsive wp-image-5831\" srcset=\"data:image\/svg+xml,%3Csvg%20xmlns%3D%27http%3A%2F%2Fwww.w3.org%2F2000%2Fsvg%27%20width%3D%272560%27%20height%3D%272510%27%20viewBox%3D%270%200%202560%202510%27%3E%3Crect%20width%3D%272560%27%20height%3D%272510%27%20fill-opacity%3D%220%22%2F%3E%3C%2Fsvg%3E\" data-srcset=\"https:\/\/ecceamerica.eu\/wp-content\/uploads\/2024\/07\/Modella-vista-ecceamerica-unito-SQAUARE-200x196.jpg 200w, https:\/\/ecceamerica.eu\/wp-content\/uploads\/2024\/07\/Modella-vista-ecceamerica-unito-SQAUARE-400x392.jpg 400w, https:\/\/ecceamerica.eu\/wp-content\/uploads\/2024\/07\/Modella-vista-ecceamerica-unito-SQAUARE-600x588.jpg 600w, https:\/\/ecceamerica.eu\/wp-content\/uploads\/2024\/07\/Modella-vista-ecceamerica-unito-SQAUARE-800x784.jpg 800w, https:\/\/ecceamerica.eu\/wp-content\/uploads\/2024\/07\/Modella-vista-ecceamerica-unito-SQAUARE-1200x1177.jpg 1200w, https:\/\/ecceamerica.eu\/wp-content\/uploads\/2024\/07\/Modella-vista-ecceamerica-unito-SQAUARE-scaled.jpg 2560w\" data-sizes=\"auto\" data-orig-sizes=\"(max-width: 1024px) 100vw, (max-width: 640px) 100vw, 800px\" \/><\/span><\/div><\/div><\/div><\/div><\/div><\/p>\n","protected":false},"excerpt":{"rendered":"","protected":false},"author":1,"featured_media":0,"parent":0,"menu_order":0,"comment_status":"closed","ping_status":"closed","template":"","meta":{"footnotes":""},"class_list":["post-6020","page","type-page","status-publish","hentry"],"_links":{"self":[{"href":"https:\/\/ecceamerica.eu\/fr\/wp-json\/wp\/v2\/pages\/6020","targetHints":{"allow":["GET"]}}],"collection":[{"href":"https:\/\/ecceamerica.eu\/fr\/wp-json\/wp\/v2\/pages"}],"about":[{"href":"https:\/\/ecceamerica.eu\/fr\/wp-json\/wp\/v2\/types\/page"}],"author":[{"embeddable":true,"href":"https:\/\/ecceamerica.eu\/fr\/wp-json\/wp\/v2\/users\/1"}],"replies":[{"embeddable":true,"href":"https:\/\/ecceamerica.eu\/fr\/wp-json\/wp\/v2\/comments?post=6020"}],"version-history":[{"count":1,"href":"https:\/\/ecceamerica.eu\/fr\/wp-json\/wp\/v2\/pages\/6020\/revisions"}],"predecessor-version":[{"id":6023,"href":"https:\/\/ecceamerica.eu\/fr\/wp-json\/wp\/v2\/pages\/6020\/revisions\/6023"}],"wp:attachment":[{"href":"https:\/\/ecceamerica.eu\/fr\/wp-json\/wp\/v2\/media?parent=6020"}],"curies":[{"name":"wp","href":"https:\/\/api.w.org\/{rel}","templated":true}]}}