{"id":6009,"date":"2024-07-23T14:41:19","date_gmt":"2024-07-23T12:41:19","guid":{"rendered":"https:\/\/ecceamerica.eu\/rencontrez-le-chef\/"},"modified":"2025-07-02T17:10:37","modified_gmt":"2025-07-02T15:10:37","slug":"rencontrez-le-chef","status":"publish","type":"page","link":"https:\/\/ecceamerica.eu\/fr\/rencontrez-le-chef\/","title":{"rendered":"Rencontrez le chef"},"content":{"rendered":"<div class=\"fusion-fullwidth fullwidth-box fusion-builder-row-1 fusion-flex-container has-pattern-background has-mask-background nonhundred-percent-fullwidth non-hundred-percent-height-scrolling\" style=\"--awb-border-radius-top-left:0px;--awb-border-radius-top-right:0px;--awb-border-radius-bottom-right:0px;--awb-border-radius-bottom-left:0px;--awb-flex-wrap:wrap;\" ><div class=\"fusion-builder-row fusion-row fusion-flex-align-items-flex-start fusion-flex-content-wrap\" style=\"max-width:1216.8px;margin-left: calc(-4% \/ 2 );margin-right: calc(-4% \/ 2 );\"><div class=\"fusion-layout-column fusion_builder_column fusion-builder-column-0 fusion_builder_column_1_1 1_1 fusion-flex-column\" style=\"--awb-bg-size:cover;--awb-width-large:100%;--awb-margin-top-large:0px;--awb-spacing-right-large:1.92%;--awb-margin-bottom-large:20px;--awb-spacing-left-large:1.92%;--awb-width-medium:100%;--awb-order-medium:0;--awb-spacing-right-medium:1.92%;--awb-spacing-left-medium:1.92%;--awb-width-small:100%;--awb-order-small:0;--awb-spacing-right-small:1.92%;--awb-spacing-left-small:1.92%;\"><div class=\"fusion-column-wrapper fusion-column-has-shadow fusion-flex-justify-content-flex-start fusion-content-layout-column\"><div class=\"fusion-image-element \" style=\"--awb-caption-title-font-family:var(--h2_typography-font-family);--awb-caption-title-font-weight:var(--h2_typography-font-weight);--awb-caption-title-font-style:var(--h2_typography-font-style);--awb-caption-title-size:var(--h2_typography-font-size);--awb-caption-title-transform:var(--h2_typography-text-transform);--awb-caption-title-line-height:var(--h2_typography-line-height);--awb-caption-title-letter-spacing:var(--h2_typography-letter-spacing);\"><span class=\" fusion-imageframe imageframe-none imageframe-1 hover-type-none\"><img decoding=\"async\" width=\"1920\" height=\"1102\" title=\"iside\" src=\"https:\/\/ecceamerica.eu\/wp-content\/uploads\/2024\/07\/iside.jpg\" data-orig-src=\"https:\/\/ecceamerica.eu\/wp-content\/uploads\/2024\/07\/iside.jpg\" alt class=\"lazyload img-responsive wp-image-5838\" srcset=\"data:image\/svg+xml,%3Csvg%20xmlns%3D%27http%3A%2F%2Fwww.w3.org%2F2000%2Fsvg%27%20width%3D%271920%27%20height%3D%271102%27%20viewBox%3D%270%200%201920%201102%27%3E%3Crect%20width%3D%271920%27%20height%3D%271102%27%20fill-opacity%3D%220%22%2F%3E%3C%2Fsvg%3E\" data-srcset=\"https:\/\/ecceamerica.eu\/wp-content\/uploads\/2024\/07\/iside-200x115.jpg 200w, https:\/\/ecceamerica.eu\/wp-content\/uploads\/2024\/07\/iside-400x230.jpg 400w, https:\/\/ecceamerica.eu\/wp-content\/uploads\/2024\/07\/iside-600x344.jpg 600w, https:\/\/ecceamerica.eu\/wp-content\/uploads\/2024\/07\/iside-800x459.jpg 800w, https:\/\/ecceamerica.eu\/wp-content\/uploads\/2024\/07\/iside-1200x689.jpg 1200w, https:\/\/ecceamerica.eu\/wp-content\/uploads\/2024\/07\/iside.jpg 1920w\" data-sizes=\"auto\" data-orig-sizes=\"(max-width: 1024px) 100vw, (max-width: 640px) 100vw, 1200px\" \/><\/span><\/div><div class=\"fusion-title title fusion-title-1 fusion-title-center fusion-title-text fusion-title-size-one\" style=\"--awb-text-color:var(--awb-color4);--awb-margin-top-small:0px;--awb-margin-bottom-small:20px;--awb-font-size:60px;\"><div class=\"title-sep-container title-sep-container-left\"><div class=\"title-sep sep- sep-solid\" style=\"border-color:var(--awb-color3);\"><\/div><\/div><span class=\"awb-title-spacer\"><\/span><h1 class=\"fusion-title-heading title-heading-center fusion-responsive-typography-calculated\" style=\"font-family:&quot;Playfair Display&quot;;font-style:normal;font-weight:700;margin:0;text-transform:capitalize;font-size:1em;--fontSize:60;line-height:1;\">Iside De cesare<\/h1><span class=\"awb-title-spacer\"><\/span><div class=\"title-sep-container title-sep-container-right\"><div class=\"title-sep sep- sep-solid\" style=\"border-color:var(--awb-color3);\"><\/div><\/div><\/div><div class=\"fusion-title title fusion-title-2 fusion-title-center fusion-title-text fusion-title-size-three\" style=\"--awb-text-color:var(--awb-color4);--awb-margin-top-small:0px;--awb-margin-bottom-small:20px;--awb-font-size:30px;\"><div class=\"title-sep-container title-sep-container-left\"><div class=\"title-sep sep- sep-solid\" style=\"border-color:var(--awb-color3);\"><\/div><\/div><span class=\"awb-title-spacer\"><\/span><h3 class=\"fusion-title-heading title-heading-center fusion-responsive-typography-calculated\" style=\"font-family:&quot;Playfair Display&quot;;font-style:italic;font-weight:500;margin:0;text-transform:capitalize;font-size:1em;--fontSize:30;line-height:1;\">Chef patronne du restaurant La Parolina, \u00e9toil\u00e9 au Michelin, dans un village frontalier entre le Latium, l&rsquo;Ombrie et la Toscane<\/h3><span class=\"awb-title-spacer\"><\/span><div class=\"title-sep-container title-sep-container-right\"><div class=\"title-sep sep- sep-solid\" style=\"border-color:var(--awb-color3);\"><\/div><\/div><\/div><div class=\"fusion-text fusion-text-1\"><p class=\"p1\"><span class=\"s1\">Iside De Cesare est une chef aux multiples facettes qui combine deux \u00e2mes : une douce et une sal\u00e9e. Ses plats de style bon ton, aux lignes simples mais efficaces, conqui\u00e8rent les palais les plus exigeants. Ceci est \u00e9galement d\u00fb \u00e0 ses grands mentors : de ses premiers ma\u00eetres &#8211; Agata Parisella, Heinz Beck, Salvatore Tassa, Gianfranco Bolognesi, Marco Cavallucci &#8211; au chef p\u00e2tissier de renomm\u00e9e internationale Gino Fabbri, qui lui ont tous l\u00e9gu\u00e9 un amour sinc\u00e8re pour la bonne cuisine, qu&rsquo;Iside compl\u00e8te avec des produits locaux de qualit\u00e9 sup\u00e9rieure, toujours attentive \u00e0 la disponibilit\u00e9 saisonni\u00e8re. L&rsquo;exp\u00e9rience acquise dans des restaurants prestigieux lui a valu sa premi\u00e8re \u00e9toile Michelin en 2020 avec le restaurant La Parolina (Acquapendente, Viterbo), o\u00f9 elle est chef de cuisine et propri\u00e9taire.<\/span><\/p>\n<\/div><\/div><\/div><\/div><\/div>\n","protected":false},"excerpt":{"rendered":"","protected":false},"author":1,"featured_media":0,"parent":0,"menu_order":0,"comment_status":"closed","ping_status":"closed","template":"","meta":{"footnotes":""},"class_list":["post-6009","page","type-page","status-publish","hentry"],"_links":{"self":[{"href":"https:\/\/ecceamerica.eu\/fr\/wp-json\/wp\/v2\/pages\/6009","targetHints":{"allow":["GET"]}}],"collection":[{"href":"https:\/\/ecceamerica.eu\/fr\/wp-json\/wp\/v2\/pages"}],"about":[{"href":"https:\/\/ecceamerica.eu\/fr\/wp-json\/wp\/v2\/types\/page"}],"author":[{"embeddable":true,"href":"https:\/\/ecceamerica.eu\/fr\/wp-json\/wp\/v2\/users\/1"}],"replies":[{"embeddable":true,"href":"https:\/\/ecceamerica.eu\/fr\/wp-json\/wp\/v2\/comments?post=6009"}],"version-history":[{"count":1,"href":"https:\/\/ecceamerica.eu\/fr\/wp-json\/wp\/v2\/pages\/6009\/revisions"}],"predecessor-version":[{"id":6012,"href":"https:\/\/ecceamerica.eu\/fr\/wp-json\/wp\/v2\/pages\/6009\/revisions\/6012"}],"wp:attachment":[{"href":"https:\/\/ecceamerica.eu\/fr\/wp-json\/wp\/v2\/media?parent=6009"}],"curies":[{"name":"wp","href":"https:\/\/api.w.org\/{rel}","templated":true}]}}