{"id":6002,"date":"2024-07-26T12:20:02","date_gmt":"2024-07-26T10:20:02","guid":{"rendered":"https:\/\/ecceamerica.eu\/le-projet\/"},"modified":"2025-07-02T17:10:37","modified_gmt":"2025-07-02T15:10:37","slug":"le-projet","status":"publish","type":"page","link":"https:\/\/ecceamerica.eu\/fr\/le-projet\/","title":{"rendered":"Le projet"},"content":{"rendered":"<div class=\"fusion-fullwidth fullwidth-box fusion-builder-row-1 fusion-flex-container has-pattern-background has-mask-background nonhundred-percent-fullwidth non-hundred-percent-height-scrolling\" style=\"--awb-border-radius-top-left:0px;--awb-border-radius-top-right:0px;--awb-border-radius-bottom-right:0px;--awb-border-radius-bottom-left:0px;--awb-padding-bottom:0px;--awb-margin-bottom:31px;--awb-background-color:var(--awb-color1);--awb-flex-wrap:wrap;\" ><div class=\"fusion-builder-row fusion-row fusion-flex-align-items-flex-start fusion-flex-content-wrap\" style=\"max-width:1216.8px;margin-left: calc(-4% \/ 2 );margin-right: calc(-4% \/ 2 );\"><div class=\"fusion-layout-column fusion_builder_column fusion-builder-column-0 fusion_builder_column_3_5 3_5 fusion-flex-column\" style=\"--awb-bg-size:cover;--awb-width-large:60%;--awb-margin-top-large:0px;--awb-spacing-right-large:3.2%;--awb-margin-bottom-large:20px;--awb-spacing-left-large:3.2%;--awb-width-medium:100%;--awb-order-medium:0;--awb-spacing-right-medium:1.92%;--awb-spacing-left-medium:1.92%;--awb-width-small:100%;--awb-order-small:0;--awb-spacing-right-small:1.92%;--awb-spacing-left-small:1.92%;\"><div class=\"fusion-column-wrapper fusion-column-has-shadow fusion-flex-justify-content-flex-start fusion-content-layout-column\"><div class=\"fusion-title title fusion-title-1 fusion-title-text fusion-title-size-one\" style=\"--awb-text-color:var(--awb-color4);--awb-margin-top-small:0px;--awb-margin-bottom-small:20px;--awb-font-size:60px;\"><div class=\"title-sep-container title-sep-container-left fusion-no-large-visibility fusion-no-medium-visibility fusion-no-small-visibility\"><div class=\"title-sep sep- sep-solid\" style=\"border-color:var(--awb-color3);\"><\/div><\/div><span class=\"awb-title-spacer fusion-no-large-visibility fusion-no-medium-visibility fusion-no-small-visibility\"><\/span><h1 class=\"fusion-title-heading title-heading-left fusion-responsive-typography-calculated\" style=\"font-family:&quot;Playfair Display&quot;;font-style:normal;font-weight:700;margin:0;text-transform:capitalize;font-size:1em;--fontSize:60;line-height:1;\">Le projet<\/h1><span class=\"awb-title-spacer\"><\/span><div class=\"title-sep-container title-sep-container-right\"><div class=\"title-sep sep- sep-solid\" style=\"border-color:var(--awb-color3);\"><\/div><\/div><\/div><div class=\"fusion-text fusion-text-1\"><p>ECCEAMERICA est un programme d&rsquo;investissement promotionnel de trois ans visant \u00e0 renforcer la comp\u00e9titivit\u00e9 du secteur agricole de l&rsquo;Union europ\u00e9enne, en accord avec les objectifs europ\u00e9ens et en particulier avec le th\u00e8me de la valorisation de la production biologique certifi\u00e9e.<\/p>\n<p>L&rsquo;impact final attendu concernera sp\u00e9cifiquement les objectifs suivants :<\/p>\n<ol>\n<li>L&rsquo;augmentation des connaissances et de la notori\u00e9t\u00e9 de l&rsquo;huile d&rsquo;olive extra vierge et du vin europ\u00e9ens ainsi que de leurs caract\u00e9ristiques aux \u00c9tats-Unis d&rsquo;Am\u00e9rique et au Canada.<\/li>\n<li>L&rsquo;augmentation des exportations d&rsquo;huile d&rsquo;olive extra vierge biologique de l&rsquo;UE et de vin biologique de l&rsquo;UE vers les \u00c9tats-Unis d&rsquo;Am\u00e9rique et le Canada.<\/li>\n<li>Renforcer la connaissance et la reconnaissance des syst\u00e8mes de qualit\u00e9 de l&rsquo;Union, en encourageant les gens \u00e0 percevoir les diff\u00e9rences et les garanties offertes par les produits issus de l&rsquo;agriculture biologique.<\/li>\n<\/ol>\n<p>Le programme s&rsquo;adresse \u00e0 un public de consommateurs \u00e2g\u00e9s de 25 \u00e0 65 ans et aux op\u00e9rateurs du marketing, de la distribution et de la restauration.<\/p>\n<p>Les messages du Programme s&rsquo;adressent \u00e0 une cible de consommation d\u00e9j\u00e0 culturellement \u00e9lev\u00e9e et socialement pr\u00e9dispos\u00e9e \u00e0 apprendre des informations sur les bienfaits pour la sant\u00e9 d&rsquo;une alimentation dans laquelle l&rsquo;huile d&rsquo;olive extra vierge est utilis\u00e9e.<\/p>\n<p>L&rsquo;approche du programme UNAPROL et CAP envers la cible vise l&rsquo;utilisation d&rsquo;une communication \u00ab orient\u00e9e internet \u00bb \u00e0 travers des outils tels que le web, les m\u00e9dias sociaux et la publicit\u00e9 avec des banni\u00e8res publicitaires dans le contexte de la publicit\u00e9 contextuelle et des syst\u00e8mes de remarketing, deux formes largement utilis\u00e9es aujourd&rsquo;hui. De plus, il vise une approche directe envers les leaders d&rsquo;opinion et les d\u00e9cideurs, les op\u00e9rateurs de communication, les parties prenantes du secteur de la distribution et du secteur HoReCa.<\/p>\n<p>En r\u00e9sum\u00e9, les initiatives du Programme concernent les lots de travail suivants :<\/p>\n<p>&#8211; coordination de projet<\/p>\n<p>&#8211; activit\u00e9s de relations publiques et r\u00e9alisation<\/p>\n<p>&#8211; cr\u00e9ation et gestion d&rsquo;un site web d\u00e9di\u00e9<\/p>\n<p>&#8211; cr\u00e9ation de profils et communication sur les m\u00e9dias sociaux am\u00e9ricains et canadiens<\/p>\n<p>&#8211; mise en \u0153uvre d&rsquo;initiatives num\u00e9riques d\u00e9di\u00e9es \u00e0 la durabilit\u00e9 de la production biologique.<\/p>\n<p>Le Programme ECCEAMERICA est cofinanc\u00e9 par l&rsquo;Union europ\u00e9enne et par :<\/p>\n<p>UNAPROL \u2013 CONSORZIO OLIVICOLO ITALIANO SOCIETA&rsquo; CONSORTILE PER AZIONI<\/p>\n<p>CAP CONFEDERACAO DOS AGRICULTORES DE PORTUGAL<\/p>\n<\/div><\/div><\/div><div class=\"fusion-layout-column fusion_builder_column fusion-builder-column-1 fusion_builder_column_2_5 2_5 fusion-flex-column\" style=\"--awb-bg-size:cover;--awb-width-large:40%;--awb-margin-top-large:0px;--awb-spacing-right-large:4.8%;--awb-margin-bottom-large:20px;--awb-spacing-left-large:4.8%;--awb-width-medium:100%;--awb-order-medium:0;--awb-spacing-right-medium:1.92%;--awb-spacing-left-medium:1.92%;--awb-width-small:100%;--awb-order-small:0;--awb-spacing-right-small:1.92%;--awb-spacing-left-small:1.92%;\"><div class=\"fusion-column-wrapper fusion-column-has-shadow fusion-flex-justify-content-flex-start fusion-content-layout-column\"><div class=\"fusion-image-element \" style=\"--awb-caption-title-font-family:var(--h2_typography-font-family);--awb-caption-title-font-weight:var(--h2_typography-font-weight);--awb-caption-title-font-style:var(--h2_typography-font-style);--awb-caption-title-size:var(--h2_typography-font-size);--awb-caption-title-transform:var(--h2_typography-text-transform);--awb-caption-title-line-height:var(--h2_typography-line-height);--awb-caption-title-letter-spacing:var(--h2_typography-letter-spacing);\"><span class=\" fusion-imageframe imageframe-none imageframe-1 hover-type-none\"><img decoding=\"async\" width=\"2416\" height=\"2560\" title=\"cutting-board-with-olives,-slices-of-bread,-raw-ham\" src=\"https:\/\/ecceamerica.eu\/wp-content\/uploads\/2024\/07\/Firefly-goblet-of-red-wine-on-an-large-oak-cutting-board-with-olives-slices-of-bread-raw-ham-and-p-2-2-scaled.jpg\" data-orig-src=\"https:\/\/ecceamerica.eu\/wp-content\/uploads\/2024\/07\/Firefly-goblet-of-red-wine-on-an-large-oak-cutting-board-with-olives-slices-of-bread-raw-ham-and-p-2-2-scaled.jpg\" alt class=\"lazyload img-responsive wp-image-5798\" srcset=\"data:image\/svg+xml,%3Csvg%20xmlns%3D%27http%3A%2F%2Fwww.w3.org%2F2000%2Fsvg%27%20width%3D%272416%27%20height%3D%272560%27%20viewBox%3D%270%200%202416%202560%27%3E%3Crect%20width%3D%272416%27%20height%3D%272560%27%20fill-opacity%3D%220%22%2F%3E%3C%2Fsvg%3E\" data-srcset=\"https:\/\/ecceamerica.eu\/wp-content\/uploads\/2024\/07\/Firefly-goblet-of-red-wine-on-an-large-oak-cutting-board-with-olives-slices-of-bread-raw-ham-and-p-2-2-200x212.jpg 200w, https:\/\/ecceamerica.eu\/wp-content\/uploads\/2024\/07\/Firefly-goblet-of-red-wine-on-an-large-oak-cutting-board-with-olives-slices-of-bread-raw-ham-and-p-2-2-400x424.jpg 400w, https:\/\/ecceamerica.eu\/wp-content\/uploads\/2024\/07\/Firefly-goblet-of-red-wine-on-an-large-oak-cutting-board-with-olives-slices-of-bread-raw-ham-and-p-2-2-600x636.jpg 600w, https:\/\/ecceamerica.eu\/wp-content\/uploads\/2024\/07\/Firefly-goblet-of-red-wine-on-an-large-oak-cutting-board-with-olives-slices-of-bread-raw-ham-and-p-2-2-800x848.jpg 800w, https:\/\/ecceamerica.eu\/wp-content\/uploads\/2024\/07\/Firefly-goblet-of-red-wine-on-an-large-oak-cutting-board-with-olives-slices-of-bread-raw-ham-and-p-2-2-1200x1272.jpg 1200w, https:\/\/ecceamerica.eu\/wp-content\/uploads\/2024\/07\/Firefly-goblet-of-red-wine-on-an-large-oak-cutting-board-with-olives-slices-of-bread-raw-ham-and-p-2-2-scaled.jpg 2416w\" data-sizes=\"auto\" data-orig-sizes=\"(max-width: 1024px) 100vw, (max-width: 640px) 100vw, 600px\" \/><\/span><\/div><\/div><\/div><div class=\"fusion-layout-column fusion_builder_column fusion-builder-column-2 fusion_builder_column_1_1 1_1 fusion-flex-column\" style=\"--awb-bg-size:cover;--awb-width-large:100%;--awb-margin-top-large:0px;--awb-spacing-right-large:1.92%;--awb-margin-bottom-large:18px;--awb-spacing-left-large:1.92%;--awb-width-medium:100%;--awb-order-medium:0;--awb-spacing-right-medium:1.92%;--awb-spacing-left-medium:1.92%;--awb-width-small:100%;--awb-order-small:0;--awb-spacing-right-small:1.92%;--awb-spacing-left-small:1.92%;\"><div class=\"fusion-column-wrapper fusion-column-has-shadow fusion-flex-justify-content-flex-start fusion-content-layout-column\"><div class=\"fusion-separator fusion-full-width-sep\" style=\"align-self: center;margin-left: auto;margin-right: auto;margin-top:20px;margin-bottom:20px;width:100%;\"><div class=\"fusion-separator-border sep-single sep-solid\" style=\"--awb-height:20px;--awb-amount:20px;--awb-sep-color:var(--awb-color5);border-color:var(--awb-color5);border-top-width:2px;\"><\/div><\/div><\/div><\/div><\/div><\/div>\n","protected":false},"excerpt":{"rendered":"","protected":false},"author":1,"featured_media":0,"parent":0,"menu_order":0,"comment_status":"closed","ping_status":"closed","template":"","meta":{"footnotes":""},"class_list":["post-6002","page","type-page","status-publish","hentry"],"_links":{"self":[{"href":"https:\/\/ecceamerica.eu\/fr\/wp-json\/wp\/v2\/pages\/6002","targetHints":{"allow":["GET"]}}],"collection":[{"href":"https:\/\/ecceamerica.eu\/fr\/wp-json\/wp\/v2\/pages"}],"about":[{"href":"https:\/\/ecceamerica.eu\/fr\/wp-json\/wp\/v2\/types\/page"}],"author":[{"embeddable":true,"href":"https:\/\/ecceamerica.eu\/fr\/wp-json\/wp\/v2\/users\/1"}],"replies":[{"embeddable":true,"href":"https:\/\/ecceamerica.eu\/fr\/wp-json\/wp\/v2\/comments?post=6002"}],"version-history":[{"count":1,"href":"https:\/\/ecceamerica.eu\/fr\/wp-json\/wp\/v2\/pages\/6002\/revisions"}],"predecessor-version":[{"id":6007,"href":"https:\/\/ecceamerica.eu\/fr\/wp-json\/wp\/v2\/pages\/6002\/revisions\/6007"}],"wp:attachment":[{"href":"https:\/\/ecceamerica.eu\/fr\/wp-json\/wp\/v2\/media?parent=6002"}],"curies":[{"name":"wp","href":"https:\/\/api.w.org\/{rel}","templated":true}]}}