{"id":5960,"date":"2024-07-19T18:08:14","date_gmt":"2024-07-19T16:08:14","guid":{"rendered":"https:\/\/ecceamerica.eu\/le-gout\/"},"modified":"2025-07-02T11:47:40","modified_gmt":"2025-07-02T09:47:40","slug":"le-gout","status":"publish","type":"page","link":"https:\/\/ecceamerica.eu\/fr\/le-gout\/","title":{"rendered":"Le go\u00fbt"},"content":{"rendered":"<p><div class=\"fusion-fullwidth fullwidth-box fusion-builder-row-1 fusion-flex-container has-pattern-background has-mask-background nonhundred-percent-fullwidth non-hundred-percent-height-scrolling\" style=\"--awb-border-radius-top-left:0px;--awb-border-radius-top-right:0px;--awb-border-radius-bottom-right:0px;--awb-border-radius-bottom-left:0px;--awb-background-color:var(--awb-custom_color_1);--awb-flex-wrap:wrap;\" ><div class=\"fusion-builder-row fusion-row fusion-flex-align-items-flex-start fusion-flex-content-wrap\" style=\"max-width:1216.8px;margin-left: calc(-4% \/ 2 );margin-right: calc(-4% \/ 2 );\"><div class=\"fusion-layout-column fusion_builder_column fusion-builder-column-0 fusion_builder_column_1_1 1_1 fusion-flex-column\" style=\"--awb-bg-size:cover;--awb-width-large:100%;--awb-margin-top-large:0px;--awb-spacing-right-large:1.92%;--awb-margin-bottom-large:20px;--awb-spacing-left-large:1.92%;--awb-width-medium:100%;--awb-order-medium:0;--awb-spacing-right-medium:1.92%;--awb-spacing-left-medium:1.92%;--awb-width-small:100%;--awb-order-small:0;--awb-spacing-right-small:1.92%;--awb-spacing-left-small:1.92%;\"><div class=\"fusion-column-wrapper fusion-column-has-shadow fusion-flex-justify-content-flex-start fusion-content-layout-column\"><div class=\"fusion-title title fusion-title-1 fusion-title-center fusion-title-text fusion-title-size-one\" style=\"--awb-text-color:#999170;--awb-margin-top-small:0px;--awb-margin-bottom-small:20px;--awb-font-size:150px;\"><div class=\"title-sep-container title-sep-container-left\"><div class=\"title-sep sep- sep-solid\" style=\"border-color:var(--awb-color3);\"><\/div><\/div><span class=\"awb-title-spacer\"><\/span><h1 class=\"fusion-title-heading title-heading-center fusion-responsive-typography-calculated\" style=\"font-family:&quot;Lobster&quot;;font-style:normal;font-weight:400;margin:0;text-transform:capitalize;font-size:1em;--fontSize:150;line-height:var(--awb-typography1-line-height);\">Le go\u00fbt<\/h1><span class=\"awb-title-spacer\"><\/span><div class=\"title-sep-container title-sep-container-right\"><div class=\"title-sep sep- sep-solid\" style=\"border-color:var(--awb-color3);\"><\/div><\/div><\/div><\/div><\/div><\/div><\/div><div class=\"fusion-fullwidth fullwidth-box fusion-builder-row-2 fusion-flex-container has-pattern-background has-mask-background nonhundred-percent-fullwidth non-hundred-percent-height-scrolling\" style=\"--awb-border-radius-top-left:0px;--awb-border-radius-top-right:0px;--awb-border-radius-bottom-right:0px;--awb-border-radius-bottom-left:0px;--awb-padding-bottom:0px;--awb-margin-bottom:31px;--awb-background-color:var(--awb-custom_color_1);--awb-flex-wrap:wrap;\" ><div class=\"fusion-builder-row fusion-row fusion-flex-align-items-flex-start fusion-flex-content-wrap\" style=\"max-width:1216.8px;margin-left: calc(-4% \/ 2 );margin-right: calc(-4% \/ 2 );\"><div class=\"fusion-layout-column fusion_builder_column fusion-builder-column-1 fusion_builder_column_2_5 2_5 fusion-flex-column\" style=\"--awb-bg-size:cover;--awb-width-large:40%;--awb-margin-top-large:0px;--awb-spacing-right-large:4.8%;--awb-margin-bottom-large:20px;--awb-spacing-left-large:4.8%;--awb-width-medium:100%;--awb-order-medium:0;--awb-spacing-right-medium:1.92%;--awb-spacing-left-medium:1.92%;--awb-width-small:100%;--awb-order-small:0;--awb-spacing-right-small:1.92%;--awb-spacing-left-small:1.92%;\"><div class=\"fusion-column-wrapper fusion-column-has-shadow fusion-flex-justify-content-flex-start fusion-content-layout-column\"><div class=\"fusion-title title fusion-title-2 fusion-title-text fusion-title-size-one\" style=\"--awb-text-color:var(--awb-color4);--awb-margin-top-small:0px;--awb-margin-bottom-small:20px;--awb-font-size:60px;\"><div class=\"title-sep-container title-sep-container-left fusion-no-large-visibility fusion-no-medium-visibility fusion-no-small-visibility\"><div class=\"title-sep sep- sep-solid\" style=\"border-color:var(--awb-color3);\"><\/div><\/div><span class=\"awb-title-spacer fusion-no-large-visibility fusion-no-medium-visibility fusion-no-small-visibility\"><\/span><h1 class=\"fusion-title-heading title-heading-left fusion-responsive-typography-calculated\" style=\"font-family:&quot;Playfair Display&quot;;font-style:normal;font-weight:700;margin:0;text-transform:capitalize;font-size:1em;--fontSize:60;line-height:1;\">Huile d&rsquo;olive extra vierge biologique<\/h1><span class=\"awb-title-spacer\"><\/span><div class=\"title-sep-container title-sep-container-right\"><div class=\"title-sep sep- sep-solid\" style=\"border-color:var(--awb-color3);\"><\/div><\/div><\/div><div class=\"fusion-text fusion-text-1\"><p class=\"p1\">La d\u00e9gustation de l&rsquo;huile n\u00e9cessite du soin et de la lenteur. Prenez une petite gorg\u00e9e, faites-la passer sur votre langue et dans votre bouche, en inspirant un peu d&rsquo;air pour l&rsquo;oxyg\u00e9ner et amplifier ses ar\u00f4mes. La preuve de la qualit\u00e9 de notre huile d&rsquo;olive extra vierge est son go\u00fbt l\u00e9g\u00e8rement amer et l\u00e9g\u00e8rement piquant. Ces deux caract\u00e9ristiques d\u00e9pendent de la vari\u00e9t\u00e9 du cultivar, c&rsquo;est-\u00e0-dire du \u00ab type \u00bb d&rsquo;olive, tandis que le piquant est \u00e9galement li\u00e9 \u00e0 la pr\u00e9sence de pr\u00e9cieux antioxydants, les polyph\u00e9nols. S&rsquo;ensuivent des nuances infinies de go\u00fbt, qui d\u00e9finissent le caract\u00e8re de l&rsquo;huile sp\u00e9cifique, comme l&rsquo;arri\u00e8re-go\u00fbt d&rsquo;amande fra\u00eeche, la note d&rsquo;artichaut cru ou herbac\u00e9e.<\/p>\n<\/div><\/div><\/div><div class=\"fusion-layout-column fusion_builder_column fusion-builder-column-2 fusion_builder_column_3_5 3_5 fusion-flex-column\" style=\"--awb-bg-size:cover;--awb-width-large:60%;--awb-margin-top-large:0px;--awb-spacing-right-large:3.2%;--awb-margin-bottom-large:20px;--awb-spacing-left-large:3.2%;--awb-width-medium:100%;--awb-order-medium:0;--awb-spacing-right-medium:1.92%;--awb-spacing-left-medium:1.92%;--awb-width-small:100%;--awb-order-small:0;--awb-spacing-right-small:1.92%;--awb-spacing-left-small:1.92%;\"><div class=\"fusion-column-wrapper fusion-column-has-shadow fusion-flex-justify-content-flex-start fusion-content-layout-column\"><div class=\"fusion-image-element \" style=\"--awb-caption-title-font-family:var(--h2_typography-font-family);--awb-caption-title-font-weight:var(--h2_typography-font-weight);--awb-caption-title-font-style:var(--h2_typography-font-style);--awb-caption-title-size:var(--h2_typography-font-size);--awb-caption-title-transform:var(--h2_typography-text-transform);--awb-caption-title-line-height:var(--h2_typography-line-height);--awb-caption-title-letter-spacing:var(--h2_typography-letter-spacing);\"><span class=\" fusion-imageframe imageframe-none imageframe-1 hover-type-none\"><img decoding=\"async\" width=\"2560\" height=\"2510\" title=\"Modello-assaggio-ecceamerica-unito-SQAUARE\" src=\"https:\/\/ecceamerica.eu\/wp-content\/uploads\/2024\/07\/Modello-assaggio-ecceamerica-unito-SQAUARE-scaled.jpg\" data-orig-src=\"https:\/\/ecceamerica.eu\/wp-content\/uploads\/2024\/07\/Modello-assaggio-ecceamerica-unito-SQAUARE-scaled.jpg\" alt class=\"lazyload img-responsive wp-image-5827\" srcset=\"data:image\/svg+xml,%3Csvg%20xmlns%3D%27http%3A%2F%2Fwww.w3.org%2F2000%2Fsvg%27%20width%3D%272560%27%20height%3D%272510%27%20viewBox%3D%270%200%202560%202510%27%3E%3Crect%20width%3D%272560%27%20height%3D%272510%27%20fill-opacity%3D%220%22%2F%3E%3C%2Fsvg%3E\" data-srcset=\"https:\/\/ecceamerica.eu\/wp-content\/uploads\/2024\/07\/Modello-assaggio-ecceamerica-unito-SQAUARE-200x196.jpg 200w, https:\/\/ecceamerica.eu\/wp-content\/uploads\/2024\/07\/Modello-assaggio-ecceamerica-unito-SQAUARE-400x392.jpg 400w, https:\/\/ecceamerica.eu\/wp-content\/uploads\/2024\/07\/Modello-assaggio-ecceamerica-unito-SQAUARE-600x588.jpg 600w, https:\/\/ecceamerica.eu\/wp-content\/uploads\/2024\/07\/Modello-assaggio-ecceamerica-unito-SQAUARE-800x784.jpg 800w, https:\/\/ecceamerica.eu\/wp-content\/uploads\/2024\/07\/Modello-assaggio-ecceamerica-unito-SQAUARE-1200x1177.jpg 1200w, https:\/\/ecceamerica.eu\/wp-content\/uploads\/2024\/07\/Modello-assaggio-ecceamerica-unito-SQAUARE-scaled.jpg 2560w\" data-sizes=\"auto\" data-orig-sizes=\"(max-width: 1024px) 100vw, (max-width: 640px) 100vw, 800px\" \/><\/span><\/div><\/div><\/div><div class=\"fusion-layout-column fusion_builder_column fusion-builder-column-3 fusion_builder_column_1_1 1_1 fusion-flex-column\" style=\"--awb-bg-size:cover;--awb-width-large:100%;--awb-margin-top-large:0px;--awb-spacing-right-large:1.92%;--awb-margin-bottom-large:18px;--awb-spacing-left-large:1.92%;--awb-width-medium:100%;--awb-order-medium:0;--awb-spacing-right-medium:1.92%;--awb-spacing-left-medium:1.92%;--awb-width-small:100%;--awb-order-small:0;--awb-spacing-right-small:1.92%;--awb-spacing-left-small:1.92%;\"><div class=\"fusion-column-wrapper fusion-column-has-shadow fusion-flex-justify-content-flex-start fusion-content-layout-column\"><div class=\"fusion-separator fusion-full-width-sep\" style=\"align-self: center;margin-left: auto;margin-right: auto;margin-top:20px;margin-bottom:20px;width:100%;\"><div class=\"fusion-separator-border sep-single sep-solid\" style=\"--awb-height:20px;--awb-amount:20px;--awb-sep-color:var(--awb-color5);border-color:var(--awb-color5);border-top-width:2px;\"><\/div><\/div><\/div><\/div><\/div><\/div><div class=\"fusion-fullwidth fullwidth-box fusion-builder-row-3 fusion-flex-container has-pattern-background has-mask-background nonhundred-percent-fullwidth non-hundred-percent-height-scrolling\" style=\"--awb-border-radius-top-left:0px;--awb-border-radius-top-right:0px;--awb-border-radius-bottom-right:0px;--awb-border-radius-bottom-left:0px;--awb-background-color:var(--awb-custom_color_1);--awb-flex-wrap:wrap;\" ><div class=\"fusion-builder-row fusion-row fusion-flex-align-items-flex-start fusion-flex-content-wrap\" style=\"max-width:1216.8px;margin-left: calc(-4% \/ 2 );margin-right: calc(-4% \/ 2 );\"><div class=\"fusion-layout-column fusion_builder_column fusion-builder-column-4 fusion_builder_column_3_5 3_5 fusion-flex-column\" style=\"--awb-bg-size:cover;--awb-width-large:60%;--awb-margin-top-large:0px;--awb-spacing-right-large:3.2%;--awb-margin-bottom-large:20px;--awb-spacing-left-large:3.2%;--awb-width-medium:100%;--awb-order-medium:0;--awb-spacing-right-medium:1.92%;--awb-spacing-left-medium:1.92%;--awb-width-small:100%;--awb-order-small:0;--awb-spacing-right-small:1.92%;--awb-spacing-left-small:1.92%;\"><div class=\"fusion-column-wrapper fusion-column-has-shadow fusion-flex-justify-content-flex-start fusion-content-layout-column\"><div class=\"fusion-image-element \" style=\"--awb-caption-title-font-family:var(--h2_typography-font-family);--awb-caption-title-font-weight:var(--h2_typography-font-weight);--awb-caption-title-font-style:var(--h2_typography-font-style);--awb-caption-title-size:var(--h2_typography-font-size);--awb-caption-title-transform:var(--h2_typography-text-transform);--awb-caption-title-line-height:var(--h2_typography-line-height);--awb-caption-title-letter-spacing:var(--h2_typography-letter-spacing);\"><span class=\" fusion-imageframe imageframe-none imageframe-2 hover-type-none\"><img decoding=\"async\" width=\"2560\" height=\"2510\" title=\"Modella-olfatto-ecceamerica-unito-SQAUARE\" src=\"https:\/\/ecceamerica.eu\/wp-content\/uploads\/2024\/07\/Modella-olfatto-ecceamerica-unito-SQAUARE-1-scaled.jpg\" data-orig-src=\"https:\/\/ecceamerica.eu\/wp-content\/uploads\/2024\/07\/Modella-olfatto-ecceamerica-unito-SQAUARE-1-scaled.jpg\" alt class=\"lazyload img-responsive wp-image-5829\" srcset=\"data:image\/svg+xml,%3Csvg%20xmlns%3D%27http%3A%2F%2Fwww.w3.org%2F2000%2Fsvg%27%20width%3D%272560%27%20height%3D%272510%27%20viewBox%3D%270%200%202560%202510%27%3E%3Crect%20width%3D%272560%27%20height%3D%272510%27%20fill-opacity%3D%220%22%2F%3E%3C%2Fsvg%3E\" data-srcset=\"https:\/\/ecceamerica.eu\/wp-content\/uploads\/2024\/07\/Modella-olfatto-ecceamerica-unito-SQAUARE-1-200x196.jpg 200w, https:\/\/ecceamerica.eu\/wp-content\/uploads\/2024\/07\/Modella-olfatto-ecceamerica-unito-SQAUARE-1-400x392.jpg 400w, https:\/\/ecceamerica.eu\/wp-content\/uploads\/2024\/07\/Modella-olfatto-ecceamerica-unito-SQAUARE-1-600x588.jpg 600w, https:\/\/ecceamerica.eu\/wp-content\/uploads\/2024\/07\/Modella-olfatto-ecceamerica-unito-SQAUARE-1-800x784.jpg 800w, https:\/\/ecceamerica.eu\/wp-content\/uploads\/2024\/07\/Modella-olfatto-ecceamerica-unito-SQAUARE-1-1200x1177.jpg 1200w, https:\/\/ecceamerica.eu\/wp-content\/uploads\/2024\/07\/Modella-olfatto-ecceamerica-unito-SQAUARE-1-scaled.jpg 2560w\" data-sizes=\"auto\" data-orig-sizes=\"(max-width: 1024px) 100vw, (max-width: 640px) 100vw, 800px\" \/><\/span><\/div><\/div><\/div><div class=\"fusion-layout-column fusion_builder_column fusion-builder-column-5 fusion_builder_column_2_5 2_5 fusion-flex-column\" style=\"--awb-bg-size:cover;--awb-width-large:40%;--awb-margin-top-large:0px;--awb-spacing-right-large:4.8%;--awb-margin-bottom-large:20px;--awb-spacing-left-large:4.8%;--awb-width-medium:100%;--awb-order-medium:0;--awb-spacing-right-medium:1.92%;--awb-spacing-left-medium:1.92%;--awb-width-small:100%;--awb-order-small:0;--awb-spacing-right-small:1.92%;--awb-spacing-left-small:1.92%;\"><div class=\"fusion-column-wrapper fusion-column-has-shadow fusion-flex-justify-content-flex-start fusion-content-layout-column\"><div class=\"fusion-title title fusion-title-3 fusion-title-text fusion-title-size-one\" style=\"--awb-text-color:var(--awb-custom_color_3);--awb-margin-top-small:0px;--awb-margin-bottom-small:20px;--awb-font-size:60px;\"><div class=\"title-sep-container title-sep-container-left fusion-no-large-visibility fusion-no-medium-visibility fusion-no-small-visibility\"><div class=\"title-sep sep- sep-solid\" style=\"border-color:var(--awb-color3);\"><\/div><\/div><span class=\"awb-title-spacer fusion-no-large-visibility fusion-no-medium-visibility fusion-no-small-visibility\"><\/span><h1 class=\"fusion-title-heading title-heading-left fusion-responsive-typography-calculated\" style=\"font-family:&quot;Playfair Display&quot;;font-style:normal;font-weight:700;margin:0;text-transform:capitalize;font-size:1em;--fontSize:60;line-height:1;\">Vin biologique<\/h1><span class=\"awb-title-spacer\"><\/span><div class=\"title-sep-container title-sep-container-right\"><div class=\"title-sep sep- sep-solid\" style=\"border-color:var(--awb-color3);\"><\/div><\/div><\/div><div class=\"fusion-text fusion-text-2\"><p class=\"p1\">M\u00eame la premi\u00e8re gorg\u00e9e de vin est une exp\u00e9rience \u00e0 savourer lentement. Faites circuler le vin dans votre bouche, en couvrant toutes les zones de votre palais. Les ar\u00f4mes fruit\u00e9s, floraux, herbac\u00e9s, terreux, min\u00e9raux ou balsamiques, \u00e9galement per\u00e7us par le nez, se confirment. L&rsquo;\u00e9quilibre entre l&rsquo;acidit\u00e9 et la douceur, la persistance des saveurs, r\u00e9v\u00e8lent la haute qualit\u00e9 de nos produits. L&rsquo;identit\u00e9 du go\u00fbt des raisins et des olives refl\u00e8te le terroir et les traditions vinicoles d&rsquo;origine.<\/p>\n<\/div><\/div><\/div><\/div><\/div><\/p>\n","protected":false},"excerpt":{"rendered":"","protected":false},"author":1,"featured_media":0,"parent":0,"menu_order":0,"comment_status":"closed","ping_status":"closed","template":"","meta":{"footnotes":""},"class_list":["post-5960","page","type-page","status-publish","hentry"],"_links":{"self":[{"href":"https:\/\/ecceamerica.eu\/fr\/wp-json\/wp\/v2\/pages\/5960","targetHints":{"allow":["GET"]}}],"collection":[{"href":"https:\/\/ecceamerica.eu\/fr\/wp-json\/wp\/v2\/pages"}],"about":[{"href":"https:\/\/ecceamerica.eu\/fr\/wp-json\/wp\/v2\/types\/page"}],"author":[{"embeddable":true,"href":"https:\/\/ecceamerica.eu\/fr\/wp-json\/wp\/v2\/users\/1"}],"replies":[{"embeddable":true,"href":"https:\/\/ecceamerica.eu\/fr\/wp-json\/wp\/v2\/comments?post=5960"}],"version-history":[{"count":2,"href":"https:\/\/ecceamerica.eu\/fr\/wp-json\/wp\/v2\/pages\/5960\/revisions"}],"predecessor-version":[{"id":5962,"href":"https:\/\/ecceamerica.eu\/fr\/wp-json\/wp\/v2\/pages\/5960\/revisions\/5962"}],"wp:attachment":[{"href":"https:\/\/ecceamerica.eu\/fr\/wp-json\/wp\/v2\/media?parent=5960"}],"curies":[{"name":"wp","href":"https:\/\/api.w.org\/{rel}","templated":true}]}}